{"id":1234,"date":"2017-09-11T16:59:53","date_gmt":"2017-09-11T16:59:53","guid":{"rendered":"http:\/\/cast-in.pt\/website\/?page_id=1234"},"modified":"2017-11-24T16:50:23","modified_gmt":"2017-11-24T16:50:23","slug":"politica-de-protecao","status":"publish","type":"page","link":"https:\/\/cast-in.pt\/en\/empresa\/politica-de-protecao\/","title":{"rendered":"Protection policy"},"content":{"rendered":"<p><div class=\"fusion-fullwidth fullwidth-box fusion-builder-row-1 fusion-flex-container nonhundred-percent-fullwidth non-hundred-percent-height-scrolling fusion-no-small-visibility\" style=\"background-color: #ffffff;background-position: left top;background-repeat: no-repeat;border-width: 0px 0px 0px 0px;border-color:#eae9e9;border-style:solid;\" ><div class=\"fusion-builder-row fusion-row fusion-flex-align-items-flex-start\" style=\"max-width:calc( 1100px + 0px );margin-left: calc(-0px \/ 2 );margin-right: calc(-0px \/ 2 );\"><div class=\"fusion-layout-column fusion_builder_column fusion-builder-column-0 fusion_builder_column_1_1 1_1 fusion-flex-column\"><div class=\"fusion-column-wrapper fusion-flex-justify-content-flex-start fusion-content-layout-column\" style=\"background-position:left top;background-repeat:no-repeat;-webkit-background-size:cover;-moz-background-size:cover;-o-background-size:cover;background-size:cover;padding: 0px 100px 0px 100px;\"><div class=\"fusion-text fusion-text-1\"><p>Cast-in Portugal, Lda. appreciates your visit to our website and your interest in our company and our products. The protection of your personal data is of paramount importance to us. We want to ensure your safety when you visit our websites. The protection of personal data is an important issue that we take into account in our business processes. We process personal data in accordance with the legal provisions in force in the countries in which this website is administered. Our data protection policy complies with the applicable regulations.<\/p>\n<p>The Cast-in Portugal, Lda website may contain hypertext links to websites of other service providers which may not be covered by the aforementioned data protection policy. Despite careful control of the content, we do not assume any liability for the content of external links. Only the operator of the pages to which these links lead can be held responsible for their content. Cast-in Portugal, Lda. respects your privacy.<\/p>\n<h3><\/h3>\n<\/div><style type=\"text\/css\">#accordion-1234-1 .fusion-panel:hover{ border-color: var(--awb-color3) } #accordion-1234-1 .fusion-panel { border-color:var(--awb-color3); }.fusion-accordian  #accordion-1234-1 .panel-title a .fa-fusion-box{ color: #ffffff;}.fusion-accordian  #accordion-1234-1 .panel-title a .fa-fusion-box:before{ font-size: 13px; width: 13px;}.fusion-accordian  #accordion-1234-1 .panel-title a{font-size:24px;line-height:1.5;color:var(--awb-color8);font-family:var(--awb-typography1-font-family);font-weight:var(--awb-typography1-font-weight);font-style:var(--awb-typography1-font-style);}.fusion-accordian  #accordion-1234-1 .toggle-content{font-size:var(--awb-typography4-font-size);color:var(--awb-color8);font-family:var(--awb-typography4-font-family);font-weight:var(--awb-typography4-font-weight);font-style:var(--awb-typography4-font-style);}.fusion-accordian  #accordion-1234-1 .fa-fusion-box { background-color: #333333;border-color: #333333;}.fusion-accordian  #accordion-1234-1 .panel-title a:not(.active):hover, #accordion-1234-1 .fusion-toggle-boxed-mode:hover .panel-title a { color: #a21c26;}.fusion-accordian  #accordion-1234-1 .panel-title .active .fa-fusion-box,.fusion-accordian  #accordion-1234-1 .panel-title a:not(.active):hover .fa-fusion-box { background-color: #a21c26!important;border-color: #a21c26!important;}<\/style><div class=\"accordian fusion-accordian\"><div class=\"panel-group\" id=\"accordion-1234-1\"><style type=\"text\/css\">.fusion-accordian  #accordion-1234-1 .panel-524392cd083983285 .panel-title a{}.fusion-accordian  #accordion-1234-1 .panel-524392cd083983285 .toggle-content{}<\/style><div class=\"fusion-panel panel-default panel-524392cd083983285\"><div class=\"panel-heading\"><h4 class=\"panel-title toggle\"><a aria-expanded=\"false\" aria-controls=\"524392cd083983285\" role=\"button\" data-toggle=\"collapse\" data-parent=\"#accordion-1234-1\" data-target=\"#524392cd083983285\" href=\"#524392cd083983285\"><span class=\"fusion-toggle-icon-wrapper\" aria-hidden=\"true\"><i class=\"fa-fusion-box active-icon awb-icon-minus\" aria-hidden=\"true\"><\/i><i class=\"fa-fusion-box inactive-icon awb-icon-plus\" aria-hidden=\"true\"><\/i><\/span><span class=\"fusion-toggle-heading\">Collection and processing of personal data\u2028<\/span><\/a><\/h4><\/div><div id=\"524392cd083983285\" class=\"panel-collapse collapse\"><div class=\"panel-body toggle-content fusion-clearfix\">\n<p>When you visit our website, our server memorises by default the name of your Internet service provider, the web pages you visit from our website and the date and duration of your visit. Personal data will therefore only be saved if you do not specify otherwise, e.g. in connection with a registration, survey, competition or monitoring of a contract.<\/p>\n<h3><\/h3>\n<\/div><\/div><\/div><style type=\"text\/css\">.fusion-accordian  #accordion-1234-1 .panel-686ad4159f3ab7b59 .panel-title a{}.fusion-accordian  #accordion-1234-1 .panel-686ad4159f3ab7b59 .toggle-content{}<\/style><div class=\"fusion-panel panel-default panel-686ad4159f3ab7b59\"><div class=\"panel-heading\"><h4 class=\"panel-title toggle\"><a aria-expanded=\"false\" aria-controls=\"686ad4159f3ab7b59\" role=\"button\" data-toggle=\"collapse\" data-parent=\"#accordion-1234-1\" data-target=\"#686ad4159f3ab7b59\" href=\"#686ad4159f3ab7b59\"><span class=\"fusion-toggle-icon-wrapper\" aria-hidden=\"true\"><i class=\"fa-fusion-box active-icon awb-icon-minus\" aria-hidden=\"true\"><\/i><i class=\"fa-fusion-box inactive-icon awb-icon-plus\" aria-hidden=\"true\"><\/i><\/span><span class=\"fusion-toggle-heading\"> Use and transmission of personal data and ownership<\/span><\/a><\/h4><\/div><div id=\"686ad4159f3ab7b59\" class=\"panel-collapse collapse\"><div class=\"panel-body toggle-content fusion-clearfix\">\n<p>Cast-in Portugal, Lda. undertakes to use your personal data only for purposes related to the technical administration of the websites, customer administration, product surveys and marketing.\u2028 The collection or transmission of personal data to public institutions and authorities is only carried out within the framework of national regulations. Our employees undertake to comply with the aforementioned confidentiality clause and regulations.<\/p>\n<h3><\/h3>\n<\/div><\/div><\/div><style type=\"text\/css\">.fusion-accordian  #accordion-1234-1 .panel-a5c3cf09b337a3441 .panel-title a{}.fusion-accordian  #accordion-1234-1 .panel-a5c3cf09b337a3441 .toggle-content{}<\/style><div class=\"fusion-panel panel-default panel-a5c3cf09b337a3441\"><div class=\"panel-heading\"><h4 class=\"panel-title toggle\"><a aria-expanded=\"false\" aria-controls=\"a5c3cf09b337a3441\" role=\"button\" data-toggle=\"collapse\" data-parent=\"#accordion-1234-1\" data-target=\"#a5c3cf09b337a3441\" href=\"#a5c3cf09b337a3441\"><span class=\"fusion-toggle-icon-wrapper\" aria-hidden=\"true\"><i class=\"fa-fusion-box active-icon awb-icon-minus\" aria-hidden=\"true\"><\/i><i class=\"fa-fusion-box inactive-icon awb-icon-plus\" aria-hidden=\"true\"><\/i><\/span><span class=\"fusion-toggle-heading\">Possibility of choice<\/span><\/a><\/h4><\/div><div id=\"a5c3cf09b337a3441\" class=\"panel-collapse collapse\"><div class=\"panel-body toggle-content fusion-clearfix\">\n<p>We intend to use your data in order to inform you about our products and services and to find out your opinion about them, if necessary. Participation in these actions is, of course, voluntary. If you do not agree to them, you can inform us of your disagreement at any time by post, so that your data will not be disclosed if you do not wish it.<\/p>\n<\/div><\/div><\/div><style type=\"text\/css\">.fusion-accordian  #accordion-1234-1 .panel-1bfbed1bf3ff59997 .panel-title a{}.fusion-accordian  #accordion-1234-1 .panel-1bfbed1bf3ff59997 .toggle-content{}<\/style><div class=\"fusion-panel panel-default panel-1bfbed1bf3ff59997\"><div class=\"panel-heading\"><h4 class=\"panel-title toggle\"><a aria-expanded=\"false\" aria-controls=\"1bfbed1bf3ff59997\" role=\"button\" data-toggle=\"collapse\" data-parent=\"#accordion-1234-1\" data-target=\"#1bfbed1bf3ff59997\" href=\"#1bfbed1bf3ff59997\"><span class=\"fusion-toggle-icon-wrapper\" aria-hidden=\"true\"><i class=\"fa-fusion-box active-icon awb-icon-minus\" aria-hidden=\"true\"><\/i><i class=\"fa-fusion-box inactive-icon awb-icon-plus\" aria-hidden=\"true\"><\/i><\/span><span class=\"fusion-toggle-heading\">Right of access\u2028<\/span><\/a><\/h4><\/div><div id=\"1bfbed1bf3ff59997\" class=\"panel-collapse collapse\"><div class=\"panel-body toggle-content fusion-clearfix\">\n<p>Cast-in Portugal, Lda. may, upon request, notify you in writing, in accordance with current legislation, whether and which of your data is stored by us. If, despite our efforts in terms of authentication and updating, incorrect data has been stored, we will proceed as soon as possible to correct the situation.<\/p>\n<\/div><\/div><\/div><\/div><\/div><\/div><style type=\"text\/css\">.fusion-body .fusion-builder-column-0{width:100% !important;margin-top : 50px;margin-bottom : 25px;}.fusion-builder-column-0 > .fusion-column-wrapper {padding-top : 0px !important;padding-right : 100px !important;margin-right : 0px;padding-bottom : 0px !important;padding-left : 100px !important;margin-left : 0px;}@media only screen and (max-width:1024px) {.fusion-body .fusion-builder-column-0{width:100% !important;}.fusion-builder-column-0 > .fusion-column-wrapper {margin-right : 0px;margin-left : 0px;}}@media only screen and (max-width:640px) {.fusion-body .fusion-builder-column-0{width:100% !important;}.fusion-builder-column-0 > .fusion-column-wrapper {margin-right : 0px;margin-left : 0px;}}<\/style><\/div><\/div><style type=\"text\/css\">.fusion-body .fusion-flex-container.fusion-builder-row-1{ padding-top : 1%;margin-top : 0px;padding-right : 0px;padding-bottom : 5%;margin-bottom : 0px;padding-left : 0px;}<\/style><\/div><div class=\"fusion-fullwidth fullwidth-box fusion-builder-row-2 fusion-flex-container nonhundred-percent-fullwidth non-hundred-percent-height-scrolling fusion-no-medium-visibility fusion-no-large-visibility\" style=\"background-color: #ffffff;background-position: left top;background-repeat: no-repeat;border-width: 0px 0px 0px 0px;border-color:#eae9e9;border-style:solid;\" ><div class=\"fusion-builder-row fusion-row fusion-flex-align-items-flex-start\" style=\"max-width:calc( 1100px + 0px );margin-left: calc(-0px \/ 2 );margin-right: calc(-0px \/ 2 );\"><div class=\"fusion-layout-column fusion_builder_column fusion-builder-column-1 fusion_builder_column_1_1 1_1 fusion-flex-column\"><div class=\"fusion-column-wrapper fusion-flex-justify-content-flex-start fusion-content-layout-column\" style=\"background-position:left top;background-repeat:no-repeat;-webkit-background-size:cover;-moz-background-size:cover;-o-background-size:cover;background-size:cover;padding: 0px 10px 0px 10px;\"><div class=\"fusion-text fusion-text-2\"><p>Cast-in Portugal, Lda. appreciates your visit to our website and your interest in our company and our products. The protection of your personal data is of paramount importance to us. We want to ensure your safety when you visit our websites. The protection of personal data is an important issue that we take into account in our business processes. We process personal data in accordance with the legal provisions in force in the countries in which this website is administered. Our data protection policy complies with the applicable regulations.<\/p>\n<p>The Cast-in Portugal, Lda website may contain hypertext links to websites of other service providers which may not be covered by the aforementioned data protection policy. Despite careful control of the content, we do not assume any liability for the content of external links. Only the operator of the pages to which these links lead can be held responsible for their content. Cast-in Portugal, Lda. respects your privacy.<\/p>\n<h3><\/h3>\n<\/div><style type=\"text\/css\">#accordion-1234-2 .fusion-panel:hover{ border-color: var(--awb-color3) } #accordion-1234-2 .fusion-panel { border-color:var(--awb-color3); }.fusion-accordian  #accordion-1234-2 .panel-title a .fa-fusion-box{ color: #ffffff;}.fusion-accordian  #accordion-1234-2 .panel-title a .fa-fusion-box:before{ font-size: 13px; width: 13px;}.fusion-accordian  #accordion-1234-2 .panel-title a{font-size:24px;line-height:1.5;color:var(--awb-color8);font-family:var(--awb-typography1-font-family);font-weight:var(--awb-typography1-font-weight);font-style:var(--awb-typography1-font-style);}.fusion-accordian  #accordion-1234-2 .toggle-content{font-size:var(--awb-typography4-font-size);color:var(--awb-color8);font-family:var(--awb-typography4-font-family);font-weight:var(--awb-typography4-font-weight);font-style:var(--awb-typography4-font-style);}.fusion-accordian  #accordion-1234-2 .fa-fusion-box { background-color: #333333;border-color: #333333;}.fusion-accordian  #accordion-1234-2 .panel-title a:not(.active):hover, #accordion-1234-2 .fusion-toggle-boxed-mode:hover .panel-title a { color: #a21c26;}.fusion-accordian  #accordion-1234-2 .panel-title .active .fa-fusion-box,.fusion-accordian  #accordion-1234-2 .panel-title a:not(.active):hover .fa-fusion-box { background-color: #a21c26!important;border-color: #a21c26!important;}<\/style><div class=\"accordian fusion-accordian\"><div class=\"panel-group\" id=\"accordion-1234-2\"><style type=\"text\/css\">.fusion-accordian  #accordion-1234-2 .panel-1b88c60aa32ff5139 .panel-title a{}.fusion-accordian  #accordion-1234-2 .panel-1b88c60aa32ff5139 .toggle-content{}<\/style><div class=\"fusion-panel panel-default panel-1b88c60aa32ff5139\"><div class=\"panel-heading\"><h4 class=\"panel-title toggle\"><a aria-expanded=\"false\" aria-controls=\"1b88c60aa32ff5139\" role=\"button\" data-toggle=\"collapse\" data-parent=\"#accordion-1234-2\" data-target=\"#1b88c60aa32ff5139\" href=\"#1b88c60aa32ff5139\"><span class=\"fusion-toggle-icon-wrapper\" aria-hidden=\"true\"><i class=\"fa-fusion-box active-icon awb-icon-minus\" aria-hidden=\"true\"><\/i><i class=\"fa-fusion-box inactive-icon awb-icon-plus\" aria-hidden=\"true\"><\/i><\/span><span class=\"fusion-toggle-heading\">Collection and processing of personal data\u2028<\/span><\/a><\/h4><\/div><div id=\"1b88c60aa32ff5139\" class=\"panel-collapse collapse\"><div class=\"panel-body toggle-content fusion-clearfix\">\n<p>When you visit our website, our server memorises by default the name of your Internet service provider, the web pages you visit from our website and the date and duration of your visit. Personal data will therefore only be saved if you do not specify otherwise, e.g. in connection with a registration, survey, competition or monitoring of a contract.<\/p>\n<h3><\/h3>\n<\/div><\/div><\/div><style type=\"text\/css\">.fusion-accordian  #accordion-1234-2 .panel-600c1d2795ff42ebd .panel-title a{}.fusion-accordian  #accordion-1234-2 .panel-600c1d2795ff42ebd .toggle-content{}<\/style><div class=\"fusion-panel panel-default panel-600c1d2795ff42ebd\"><div class=\"panel-heading\"><h4 class=\"panel-title toggle\"><a aria-expanded=\"false\" aria-controls=\"600c1d2795ff42ebd\" role=\"button\" data-toggle=\"collapse\" data-parent=\"#accordion-1234-2\" data-target=\"#600c1d2795ff42ebd\" href=\"#600c1d2795ff42ebd\"><span class=\"fusion-toggle-icon-wrapper\" aria-hidden=\"true\"><i class=\"fa-fusion-box active-icon awb-icon-minus\" aria-hidden=\"true\"><\/i><i class=\"fa-fusion-box inactive-icon awb-icon-plus\" aria-hidden=\"true\"><\/i><\/span><span class=\"fusion-toggle-heading\"> Use and transmission of personal data and ownership<\/span><\/a><\/h4><\/div><div id=\"600c1d2795ff42ebd\" class=\"panel-collapse collapse\"><div class=\"panel-body toggle-content fusion-clearfix\">\n<p>Cast-in Portugal, Lda. undertakes to use your personal data only for purposes related to the technical administration of the websites, customer administration, product surveys and marketing.\u2028 The collection or transmission of personal data to public institutions and authorities is only carried out within the framework of national regulations. Our employees undertake to comply with the aforementioned confidentiality clause and regulations.<\/p>\n<h3><\/h3>\n<\/div><\/div><\/div><style type=\"text\/css\">.fusion-accordian  #accordion-1234-2 .panel-2db30d2e4ec2aef16 .panel-title a{}.fusion-accordian  #accordion-1234-2 .panel-2db30d2e4ec2aef16 .toggle-content{}<\/style><div class=\"fusion-panel panel-default panel-2db30d2e4ec2aef16\"><div class=\"panel-heading\"><h4 class=\"panel-title toggle\"><a aria-expanded=\"false\" aria-controls=\"2db30d2e4ec2aef16\" role=\"button\" data-toggle=\"collapse\" data-parent=\"#accordion-1234-2\" data-target=\"#2db30d2e4ec2aef16\" href=\"#2db30d2e4ec2aef16\"><span class=\"fusion-toggle-icon-wrapper\" aria-hidden=\"true\"><i class=\"fa-fusion-box active-icon awb-icon-minus\" aria-hidden=\"true\"><\/i><i class=\"fa-fusion-box inactive-icon awb-icon-plus\" aria-hidden=\"true\"><\/i><\/span><span class=\"fusion-toggle-heading\">Possibility of choice<\/span><\/a><\/h4><\/div><div id=\"2db30d2e4ec2aef16\" class=\"panel-collapse collapse\"><div class=\"panel-body toggle-content fusion-clearfix\">\n<p>We intend to use your data in order to inform you about our products and services and to find out your opinion about them, if necessary. Participation in these actions is, of course, voluntary. If you do not agree to them, you can inform us of your disagreement at any time by post, so that your data will not be disclosed if you do not wish it.<\/p>\n<\/div><\/div><\/div><style type=\"text\/css\">.fusion-accordian  #accordion-1234-2 .panel-a6e389ce77674cdad .panel-title a{}.fusion-accordian  #accordion-1234-2 .panel-a6e389ce77674cdad .toggle-content{}<\/style><div class=\"fusion-panel panel-default panel-a6e389ce77674cdad\"><div class=\"panel-heading\"><h4 class=\"panel-title toggle\"><a aria-expanded=\"false\" aria-controls=\"a6e389ce77674cdad\" role=\"button\" data-toggle=\"collapse\" data-parent=\"#accordion-1234-2\" data-target=\"#a6e389ce77674cdad\" href=\"#a6e389ce77674cdad\"><span class=\"fusion-toggle-icon-wrapper\" aria-hidden=\"true\"><i class=\"fa-fusion-box active-icon awb-icon-minus\" aria-hidden=\"true\"><\/i><i class=\"fa-fusion-box inactive-icon awb-icon-plus\" aria-hidden=\"true\"><\/i><\/span><span class=\"fusion-toggle-heading\">Right of access\u2028<\/span><\/a><\/h4><\/div><div id=\"a6e389ce77674cdad\" class=\"panel-collapse collapse\"><div class=\"panel-body toggle-content fusion-clearfix\">\n<p>Cast-in Portugal, Lda. may, upon request, notify you in writing, in accordance with current legislation, whether and which of your data is stored by us. If, despite our efforts in terms of authentication and updating, incorrect data has been stored, we will proceed as soon as possible to correct the situation.<\/p>\n<\/div><\/div><\/div><\/div><\/div><\/div><style type=\"text\/css\">.fusion-body .fusion-builder-column-1{width:100% !important;margin-top : 50px;margin-bottom : 25px;}.fusion-builder-column-1 > .fusion-column-wrapper {padding-top : 0px !important;padding-right : 10px !important;margin-right : 0px;padding-bottom : 0px !important;padding-left : 10px !important;margin-left : 0px;}@media only screen and (max-width:1024px) {.fusion-body .fusion-builder-column-1{width:100% !important;}.fusion-builder-column-1 > .fusion-column-wrapper {margin-right : 0px;margin-left : 0px;}}@media only screen and (max-width:640px) {.fusion-body .fusion-builder-column-1{width:100% !important;}.fusion-builder-column-1 > .fusion-column-wrapper {margin-right : 0px;margin-left : 0px;}}<\/style><\/div><\/div><style type=\"text\/css\">.fusion-body .fusion-flex-container.fusion-builder-row-2{ padding-top : 1%;margin-top : 0px;padding-right : 0px;padding-bottom : 5%;margin-bottom : 0px;padding-left : 0px;}<\/style><\/div><\/p>","protected":false},"excerpt":{"rendered":"","protected":false},"author":14,"featured_media":0,"parent":7,"menu_order":0,"comment_status":"closed","ping_status":"closed","template":"100-width.php","meta":[],"yoast_head":"<!-- This site is optimized with the Yoast SEO plugin v19.5.1 - https:\/\/yoast.com\/wordpress\/plugins\/seo\/ -->\r\n<title>Pol\u00edtica de prote\u00e7\u00e3o - Cast-in Portugal<\/title>\r\n<meta name=\"description\" content=\"Variado leque de suportes e sistemas de fixa\u00e7\u00e3o para as ind\u00fastrias da constru\u00e7\u00e3o civil, da pr\u00e9-fabrica\u00e7\u00e3o, fachada e metalomec\u00e2nica. Representantes Halfen\" \/>\r\n<meta name=\"robots\" content=\"index, follow, max-snippet:-1, max-image-preview:large, max-video-preview:-1\" \/>\r\n<link rel=\"canonical\" href=\"https:\/\/cast-in.pt\/en\/empresa\/politica-de-protecao\/\" \/>\r\n<meta property=\"og:locale\" content=\"en_GB\" \/>\r\n<meta property=\"og:type\" content=\"article\" \/>\r\n<meta property=\"og:title\" content=\"Pol\u00edtica de prote\u00e7\u00e3o - Cast-in Portugal\" \/>\r\n<meta property=\"og:description\" content=\"Variado leque de suportes e sistemas de fixa\u00e7\u00e3o para as ind\u00fastrias da constru\u00e7\u00e3o civil, da pr\u00e9-fabrica\u00e7\u00e3o, fachada e metalomec\u00e2nica. Representantes Halfen\" \/>\r\n<meta property=\"og:url\" content=\"https:\/\/cast-in.pt\/en\/empresa\/politica-de-protecao\/\" \/>\r\n<meta property=\"og:site_name\" content=\"Cast-in Portugal\" \/>\r\n<meta property=\"article:modified_time\" content=\"2017-11-24T16:50:23+00:00\" \/>\r\n<meta name=\"twitter:card\" content=\"summary_large_image\" \/>\r\n<meta name=\"twitter:label1\" content=\"Estimated reading time\" \/>\n\t<meta name=\"twitter:data1\" content=\"8 minutes\" \/>\r\n<script type=\"application\/ld+json\" class=\"yoast-schema-graph\">{\"@context\":\"https:\/\/schema.org\",\"@graph\":[{\"@type\":\"WebPage\",\"@id\":\"https:\/\/cast-in.pt\/empresa\/politica-de-protecao\/\",\"url\":\"https:\/\/cast-in.pt\/empresa\/politica-de-protecao\/\",\"name\":\"Pol\u00edtica de prote\u00e7\u00e3o - Cast-in Portugal\",\"isPartOf\":{\"@id\":\"https:\/\/cast-in.pt\/#website\"},\"datePublished\":\"2017-09-11T16:59:53+00:00\",\"dateModified\":\"2017-11-24T16:50:23+00:00\",\"description\":\"Variado leque de suportes e sistemas de fixa\u00e7\u00e3o para as ind\u00fastrias da constru\u00e7\u00e3o civil, da pr\u00e9-fabrica\u00e7\u00e3o, fachada e metalomec\u00e2nica. Representantes Halfen\",\"breadcrumb\":{\"@id\":\"https:\/\/cast-in.pt\/empresa\/politica-de-protecao\/#breadcrumb\"},\"inLanguage\":\"en-GB\",\"potentialAction\":[{\"@type\":\"ReadAction\",\"target\":[\"https:\/\/cast-in.pt\/empresa\/politica-de-protecao\/\"]}]},{\"@type\":\"BreadcrumbList\",\"@id\":\"https:\/\/cast-in.pt\/empresa\/politica-de-protecao\/#breadcrumb\",\"itemListElement\":[{\"@type\":\"ListItem\",\"position\":1,\"name\":\"In\u00edcio\",\"item\":\"https:\/\/cast-in.pt\/\"},{\"@type\":\"ListItem\",\"position\":2,\"name\":\"Empresa\",\"item\":\"https:\/\/cast-in.pt\/empresa\/\"},{\"@type\":\"ListItem\",\"position\":3,\"name\":\"Pol\u00edtica de prote\u00e7\u00e3o\"}]},{\"@type\":\"WebSite\",\"@id\":\"https:\/\/cast-in.pt\/#website\",\"url\":\"https:\/\/cast-in.pt\/\",\"name\":\"Cast-in Portugal\",\"description\":\"A CAST-IN PORTUGAL fornece produtos para a ind\u00fastria da constru\u00e7\u00e3o civil, da pr\u00e9-fabrica\u00e7\u00e3o, fachada e metalomec\u00e2nica. Distribuidor exclusivo HALFEN.\",\"potentialAction\":[{\"@type\":\"SearchAction\",\"target\":{\"@type\":\"EntryPoint\",\"urlTemplate\":\"https:\/\/cast-in.pt\/?s={search_term_string}\"},\"query-input\":\"required name=search_term_string\"}],\"inLanguage\":\"en-GB\"}]}<\/script>\r\n<!-- \/ Yoast SEO plugin. -->","yoast_head_json":{"title":"Pol\u00edtica de prote\u00e7\u00e3o - Cast-in Portugal","description":"Variado leque de suportes e sistemas de fixa\u00e7\u00e3o para as ind\u00fastrias da constru\u00e7\u00e3o civil, da pr\u00e9-fabrica\u00e7\u00e3o, fachada e metalomec\u00e2nica. Representantes Halfen","robots":{"index":"index","follow":"follow","max-snippet":"max-snippet:-1","max-image-preview":"max-image-preview:large","max-video-preview":"max-video-preview:-1"},"canonical":"https:\/\/cast-in.pt\/en\/empresa\/politica-de-protecao\/","og_locale":"en_GB","og_type":"article","og_title":"Pol\u00edtica de prote\u00e7\u00e3o - Cast-in Portugal","og_description":"Variado leque de suportes e sistemas de fixa\u00e7\u00e3o para as ind\u00fastrias da constru\u00e7\u00e3o civil, da pr\u00e9-fabrica\u00e7\u00e3o, fachada e metalomec\u00e2nica. Representantes Halfen","og_url":"https:\/\/cast-in.pt\/en\/empresa\/politica-de-protecao\/","og_site_name":"Cast-in Portugal","article_modified_time":"2017-11-24T16:50:23+00:00","twitter_card":"summary_large_image","twitter_misc":{"Estimated reading time":"8 minutes"},"schema":{"@context":"https:\/\/schema.org","@graph":[{"@type":"WebPage","@id":"https:\/\/cast-in.pt\/empresa\/politica-de-protecao\/","url":"https:\/\/cast-in.pt\/empresa\/politica-de-protecao\/","name":"Pol\u00edtica de prote\u00e7\u00e3o - Cast-in Portugal","isPartOf":{"@id":"https:\/\/cast-in.pt\/#website"},"datePublished":"2017-09-11T16:59:53+00:00","dateModified":"2017-11-24T16:50:23+00:00","description":"Variado leque de suportes e sistemas de fixa\u00e7\u00e3o para as ind\u00fastrias da constru\u00e7\u00e3o civil, da pr\u00e9-fabrica\u00e7\u00e3o, fachada e metalomec\u00e2nica. Representantes Halfen","breadcrumb":{"@id":"https:\/\/cast-in.pt\/empresa\/politica-de-protecao\/#breadcrumb"},"inLanguage":"en-GB","potentialAction":[{"@type":"ReadAction","target":["https:\/\/cast-in.pt\/empresa\/politica-de-protecao\/"]}]},{"@type":"BreadcrumbList","@id":"https:\/\/cast-in.pt\/empresa\/politica-de-protecao\/#breadcrumb","itemListElement":[{"@type":"ListItem","position":1,"name":"In\u00edcio","item":"https:\/\/cast-in.pt\/"},{"@type":"ListItem","position":2,"name":"Empresa","item":"https:\/\/cast-in.pt\/empresa\/"},{"@type":"ListItem","position":3,"name":"Pol\u00edtica de prote\u00e7\u00e3o"}]},{"@type":"WebSite","@id":"https:\/\/cast-in.pt\/#website","url":"https:\/\/cast-in.pt\/","name":"Cast-in Portugal","description":"A CAST-IN PORTUGAL fornece produtos para a ind\u00fastria da constru\u00e7\u00e3o civil, da pr\u00e9-fabrica\u00e7\u00e3o, fachada e metalomec\u00e2nica. Distribuidor exclusivo HALFEN.","potentialAction":[{"@type":"SearchAction","target":{"@type":"EntryPoint","urlTemplate":"https:\/\/cast-in.pt\/?s={search_term_string}"},"query-input":"required name=search_term_string"}],"inLanguage":"en-GB"}]}},"_links":{"self":[{"href":"https:\/\/cast-in.pt\/en\/wp-json\/wp\/v2\/pages\/1234"}],"collection":[{"href":"https:\/\/cast-in.pt\/en\/wp-json\/wp\/v2\/pages"}],"about":[{"href":"https:\/\/cast-in.pt\/en\/wp-json\/wp\/v2\/types\/page"}],"author":[{"embeddable":true,"href":"https:\/\/cast-in.pt\/en\/wp-json\/wp\/v2\/users\/14"}],"replies":[{"embeddable":true,"href":"https:\/\/cast-in.pt\/en\/wp-json\/wp\/v2\/comments?post=1234"}],"version-history":[{"count":15,"href":"https:\/\/cast-in.pt\/en\/wp-json\/wp\/v2\/pages\/1234\/revisions"}],"predecessor-version":[{"id":2621,"href":"https:\/\/cast-in.pt\/en\/wp-json\/wp\/v2\/pages\/1234\/revisions\/2621"}],"up":[{"embeddable":true,"href":"https:\/\/cast-in.pt\/en\/wp-json\/wp\/v2\/pages\/7"}],"wp:attachment":[{"href":"https:\/\/cast-in.pt\/en\/wp-json\/wp\/v2\/media?parent=1234"}],"curies":[{"name":"wp","href":"https:\/\/api.w.org\/{rel}","templated":true}]}}