{"id":1255,"date":"2017-09-11T17:03:05","date_gmt":"2017-09-11T17:03:05","guid":{"rendered":"http:\/\/cast-in.pt\/website\/?page_id=1255"},"modified":"2022-07-06T10:40:25","modified_gmt":"2022-07-06T10:40:25","slug":"sistema-de-tirantes","status":"publish","type":"page","link":"https:\/\/cast-in.pt\/en\/sistema-de-tirantes\/","title":{"rendered":"Rod system"},"content":{"rendered":"<p><div class=\"fusion-fullwidth fullwidth-box fusion-builder-row-1 fusion-flex-container nonhundred-percent-fullwidth non-hundred-percent-height-scrolling\" style=\"background-color: rgba(255,255,255,0);background-position: center center;background-repeat: no-repeat;border-width: 0px 0px 0px 0px;border-color:#eae9e9;border-style:solid;\" ><div class=\"fusion-builder-row fusion-row fusion-flex-align-items-flex-start\" style=\"max-width:1144px;margin-left: calc(-4% \/ 2 );margin-right: calc(-4% \/ 2 );\"><div class=\"fusion-layout-column fusion_builder_column fusion-builder-column-0 fusion_builder_column_1_1 1_1 fusion-flex-column\"><div class=\"fusion-column-wrapper fusion-flex-justify-content-flex-start fusion-content-layout-column\" style=\"background-position:left top;background-repeat:no-repeat;-webkit-background-size:cover;-moz-background-size:cover;-o-background-size:cover;background-size:cover;padding: 0px 0px 0px 0px;\"><div class=\"fusion-text fusion-text-1\"><p>Depending on the diameter, the Detan Tension Rod System is available in untreated, galvanized and stainless steel. Used in the bracing of structures, footbridges, glazed facades, etc. The tension rods have a European Technical Approval (ETA).<\/p>\n<\/div><\/div><style type=\"text\/css\">.fusion-body .fusion-builder-column-0{width:100% !important;margin-top : 0px;margin-bottom : 20px;}.fusion-builder-column-0 > .fusion-column-wrapper {padding-top : 0px !important;padding-right : 0px !important;margin-right : 1.92%;padding-bottom : 0px !important;padding-left : 0px !important;margin-left : 1.92%;}@media only screen and (max-width:1024px) {.fusion-body .fusion-builder-column-0{width:100% !important;}.fusion-builder-column-0 > .fusion-column-wrapper {margin-right : 1.92%;margin-left : 1.92%;}}@media only screen and (max-width:640px) {.fusion-body .fusion-builder-column-0{width:100% !important;}.fusion-builder-column-0 > .fusion-column-wrapper {margin-right : 1.92%;margin-left : 1.92%;}}<\/style><\/div><\/div><style type=\"text\/css\">.fusion-body .fusion-flex-container.fusion-builder-row-1{ padding-top : 50px;margin-top : 0px;padding-right : 0px;padding-bottom : 0px;margin-bottom : 0px;padding-left : 0px;}<\/style><\/div><div class=\"fusion-fullwidth fullwidth-box fusion-builder-row-2 fusion-flex-container nonhundred-percent-fullwidth non-hundred-percent-height-scrolling\" style=\"background-color: #ffffff;background-position: left top;background-repeat: no-repeat;border-width: 0px 0px 0px 0px;border-color:#eae9e9;border-style:solid;\" ><div class=\"fusion-builder-row fusion-row fusion-flex-align-items-flex-start\" style=\"max-width:1144px;margin-left: calc(-4% \/ 2 );margin-right: calc(-4% \/ 2 );\"><div class=\"fusion-layout-column fusion_builder_column fusion-builder-column-1 fusion_builder_column_1_5 1_5 fusion-flex-column\"><div class=\"fusion-column-wrapper fusion-flex-justify-content-flex-start fusion-content-layout-column\" style=\"background-position:left top;background-repeat:no-repeat;-webkit-background-size:cover;-moz-background-size:cover;-o-background-size:cover;background-size:cover;padding: 2% 0px 0px 0px;\"><\/div><style type=\"text\/css\">.fusion-body .fusion-builder-column-1{width:20% !important;margin-top : 0px;margin-bottom : 0px;}.fusion-builder-column-1 > .fusion-column-wrapper {padding-top : 2% !important;padding-right : 0px !important;margin-right : 9.6%;padding-bottom : 0px !important;padding-left : 0px !important;margin-left : 9.6%;}@media only screen and (max-width:1024px) {.fusion-body .fusion-builder-column-1{width:20% !important;}.fusion-builder-column-1 > .fusion-column-wrapper {margin-right : 9.6%;margin-left : 9.6%;}}@media only screen and (max-width:640px) {.fusion-body .fusion-builder-column-1{width:100% !important;}.fusion-builder-column-1 > .fusion-column-wrapper {margin-right : 1.92%;margin-left : 1.92%;}}<\/style><\/div><div class=\"fusion-layout-column fusion_builder_column fusion-builder-column-2 fusion_builder_column_1_5 1_5 fusion-flex-column\"><div class=\"fusion-column-wrapper fusion-flex-justify-content-flex-start fusion-content-layout-column\" style=\"background-position:left top;background-repeat:no-repeat;-webkit-background-size:cover;-moz-background-size:cover;-o-background-size:cover;background-size:cover;padding: 2% 0px 0px 0px;\"><\/div><style type=\"text\/css\">.fusion-body .fusion-builder-column-2{width:20% !important;margin-top : 0px;margin-bottom : 0px;}.fusion-builder-column-2 > .fusion-column-wrapper {padding-top : 2% !important;padding-right : 0px !important;margin-right : 9.6%;padding-bottom : 0px !important;padding-left : 0px !important;margin-left : 9.6%;}@media only screen and (max-width:1024px) {.fusion-body .fusion-builder-column-2{width:20% !important;}.fusion-builder-column-2 > .fusion-column-wrapper {margin-right : 9.6%;margin-left : 9.6%;}}@media only screen and (max-width:640px) {.fusion-body .fusion-builder-column-2{width:100% !important;}.fusion-builder-column-2 > .fusion-column-wrapper {margin-right : 1.92%;margin-left : 1.92%;}}<\/style><\/div><div class=\"fusion-layout-column fusion_builder_column fusion-builder-column-3 fusion_builder_column_1_5 1_5 fusion-flex-column\"><div class=\"fusion-column-wrapper fusion-flex-justify-content-flex-start fusion-content-layout-column\" style=\"background-position:left top;background-repeat:no-repeat;-webkit-background-size:cover;-moz-background-size:cover;-o-background-size:cover;background-size:cover;padding: 2% 0px 0px 0px;\"><div ><span class=\"fusion-imageframe imageframe-none imageframe-1 hover-type-none\"><a class=\"fusion-no-lightbox\" href=\"https:\/\/cast-in.pt\/en\/portfolio-items\/sistema-de-tirantes-detan\/\" target=\"_self\" aria-label=\"SISTEMA-DE-TIRANTES-DETAN\"><img decoding=\"async\" width=\"300\" height=\"300\" src=\"https:\/\/cast-in.pt\/wp-content\/uploads\/2017\/09\/SISTEMA-DE-TIRANTES-DETAN-1.png\" alt class=\"img-responsive wp-image-2283\" srcset=\"https:\/\/cast-in.pt\/wp-content\/uploads\/2017\/09\/SISTEMA-DE-TIRANTES-DETAN-1-200x200.png 200w, https:\/\/cast-in.pt\/wp-content\/uploads\/2017\/09\/SISTEMA-DE-TIRANTES-DETAN-1.png 300w\" sizes=\"(max-width: 640px) 100vw, 200px\" \/><\/a><\/span><\/div><div class=\"fusion-separator\" style=\"align-self: center;margin-left: auto;margin-right: auto;margin-top:30px;margin-bottom:20px;width:100%;max-width:25px;\"><div class=\"fusion-separator-border sep-single sep-solid\" style=\"border-color:#a21c26;border-top-width:2px;\"><\/div><\/div><div class=\"fusion-text fusion-text-2\"><h2 style=\"text-align: center;\"><strong>Detan Tension Rod Systems<\/strong><\/h2>\n<\/div><\/div><style type=\"text\/css\">.fusion-body .fusion-builder-column-3{width:20% !important;margin-top : 0px;margin-bottom : 0px;}.fusion-builder-column-3 > .fusion-column-wrapper {padding-top : 2% !important;padding-right : 0px !important;margin-right : 9.6%;padding-bottom : 0px !important;padding-left : 0px !important;margin-left : 9.6%;}@media only screen and (max-width:1024px) {.fusion-body .fusion-builder-column-3{width:20% !important;}.fusion-builder-column-3 > .fusion-column-wrapper {margin-right : 9.6%;margin-left : 9.6%;}}@media only screen and (max-width:640px) {.fusion-body .fusion-builder-column-3{width:100% !important;}.fusion-builder-column-3 > .fusion-column-wrapper {margin-right : 1.92%;margin-left : 1.92%;}}<\/style><\/div><div class=\"fusion-layout-column fusion_builder_column fusion-builder-column-4 fusion_builder_column_1_5 1_5 fusion-flex-column\"><div class=\"fusion-column-wrapper fusion-flex-justify-content-flex-start fusion-content-layout-column\" style=\"background-position:left top;background-repeat:no-repeat;-webkit-background-size:cover;-moz-background-size:cover;-o-background-size:cover;background-size:cover;padding: 2% 0px 0px 0px;\"><\/div><style type=\"text\/css\">.fusion-body .fusion-builder-column-4{width:20% !important;margin-top : 0px;margin-bottom : 0px;}.fusion-builder-column-4 > .fusion-column-wrapper {padding-top : 2% !important;padding-right : 0px !important;margin-right : 9.6%;padding-bottom : 0px !important;padding-left : 0px !important;margin-left : 9.6%;}@media only screen and (max-width:1024px) {.fusion-body .fusion-builder-column-4{width:20% !important;}.fusion-builder-column-4 > .fusion-column-wrapper {margin-right : 9.6%;margin-left : 9.6%;}}@media only screen and (max-width:640px) {.fusion-body .fusion-builder-column-4{width:100% !important;}.fusion-builder-column-4 > .fusion-column-wrapper {margin-right : 1.92%;margin-left : 1.92%;}}<\/style><\/div><div class=\"fusion-layout-column fusion_builder_column fusion-builder-column-5 fusion_builder_column_1_5 1_5 fusion-flex-column\"><div class=\"fusion-column-wrapper fusion-flex-justify-content-flex-start fusion-content-layout-column\" style=\"background-position:left top;background-repeat:no-repeat;-webkit-background-size:cover;-moz-background-size:cover;-o-background-size:cover;background-size:cover;padding: 2% 0px 0px 0px;\"><\/div><style type=\"text\/css\">.fusion-body .fusion-builder-column-5{width:20% !important;margin-top : 0px;margin-bottom : 0px;}.fusion-builder-column-5 > .fusion-column-wrapper {padding-top : 2% !important;padding-right : 0px !important;margin-right : 9.6%;padding-bottom : 0px !important;padding-left : 0px !important;margin-left : 9.6%;}@media only screen and (max-width:1024px) {.fusion-body .fusion-builder-column-5{width:20% !important;}.fusion-builder-column-5 > .fusion-column-wrapper {margin-right : 9.6%;margin-left : 9.6%;}}@media only screen and (max-width:640px) {.fusion-body .fusion-builder-column-5{width:100% !important;}.fusion-builder-column-5 > .fusion-column-wrapper {margin-right : 1.92%;margin-left : 1.92%;}}<\/style><\/div><\/div><style type=\"text\/css\">.fusion-body .fusion-flex-container.fusion-builder-row-2{ padding-top : 50px;margin-top : 0px;padding-right : 0px;padding-bottom : 50px;margin-bottom : 0;padding-left : 0px;}<\/style><\/div><div class=\"fusion-fullwidth fullwidth-box fusion-builder-row-3 fusion-flex-container nonhundred-percent-fullwidth non-hundred-percent-height-scrolling\" style=\"background-color: rgba(255,255,255,0);background-position: center center;background-repeat: no-repeat;border-width: 0px 0px 0px 0px;border-color:#eae9e9;border-style:solid;\" ><div class=\"fusion-builder-row fusion-row fusion-flex-align-items-flex-start\" style=\"max-width:1144px;margin-left: calc(-4% \/ 2 );margin-right: calc(-4% \/ 2 );\"><div class=\"fusion-layout-column fusion_builder_column fusion-builder-column-6 fusion_builder_column_1_1 1_1 fusion-flex-column\"><div class=\"fusion-column-wrapper fusion-flex-justify-content-flex-start fusion-content-layout-column\" style=\"background-position:left top;background-repeat:no-repeat;-webkit-background-size:cover;-moz-background-size:cover;-o-background-size:cover;background-size:cover;padding: 0px 0px 0px 0px;\"><div class=\"fusion-text fusion-text-3\"><p>&nbsp;<\/p>\n<\/div><\/div><style type=\"text\/css\">.fusion-body .fusion-builder-column-6{width:100% !important;margin-top : 0px;margin-bottom : 0px;}.fusion-builder-column-6 > .fusion-column-wrapper {padding-top : 0px !important;padding-right : 0px !important;margin-right : 1.92%;padding-bottom : 0px !important;padding-left : 0px !important;margin-left : 1.92%;}@media only screen and (max-width:1024px) {.fusion-body .fusion-builder-column-6{width:100% !important;}.fusion-builder-column-6 > .fusion-column-wrapper {margin-right : 1.92%;margin-left : 1.92%;}}@media only screen and (max-width:640px) {.fusion-body .fusion-builder-column-6{width:100% !important;}.fusion-builder-column-6 > .fusion-column-wrapper {margin-right : 1.92%;margin-left : 1.92%;}}<\/style><\/div><\/div><style type=\"text\/css\">.fusion-body .fusion-flex-container.fusion-builder-row-3{ padding-top : 0px;margin-top : 0px;padding-right : 0px;padding-bottom : 0px;margin-bottom : 0px;padding-left : 0px;}<\/style><\/div><\/p>","protected":false},"excerpt":{"rendered":"","protected":false},"author":14,"featured_media":0,"parent":0,"menu_order":0,"comment_status":"closed","ping_status":"closed","template":"100-width.php","meta":[],"yoast_head":"<!-- This site is optimized with the Yoast SEO plugin v19.5.1 - https:\/\/yoast.com\/wordpress\/plugins\/seo\/ -->\r\n<title>Sistema de tirantes - Cast-in Portugal<\/title>\r\n<meta name=\"description\" content=\"Variado leque de suportes e sistemas de fixa\u00e7\u00e3o para as ind\u00fastrias da constru\u00e7\u00e3o civil, da pr\u00e9-fabrica\u00e7\u00e3o, fachada e metalomec\u00e2nica. Representantes Halfen\" \/>\r\n<meta name=\"robots\" content=\"index, follow, max-snippet:-1, max-image-preview:large, max-video-preview:-1\" \/>\r\n<link rel=\"canonical\" href=\"https:\/\/cast-in.pt\/en\/sistema-de-tirantes\/\" \/>\r\n<meta property=\"og:locale\" content=\"en_GB\" \/>\r\n<meta property=\"og:type\" content=\"article\" \/>\r\n<meta property=\"og:title\" content=\"Sistema de tirantes - Cast-in Portugal\" \/>\r\n<meta property=\"og:description\" content=\"Variado leque de suportes e sistemas de fixa\u00e7\u00e3o para as ind\u00fastrias da constru\u00e7\u00e3o civil, da pr\u00e9-fabrica\u00e7\u00e3o, fachada e metalomec\u00e2nica. Representantes Halfen\" \/>\r\n<meta property=\"og:url\" content=\"https:\/\/cast-in.pt\/en\/sistema-de-tirantes\/\" \/>\r\n<meta property=\"og:site_name\" content=\"Cast-in Portugal\" \/>\r\n<meta property=\"article:modified_time\" content=\"2022-07-06T10:40:25+00:00\" \/>\r\n<meta name=\"twitter:card\" content=\"summary_large_image\" \/>\r\n<meta name=\"twitter:label1\" content=\"Estimated reading time\" \/>\n\t<meta name=\"twitter:data1\" content=\"6 minutes\" \/>\r\n<script type=\"application\/ld+json\" class=\"yoast-schema-graph\">{\"@context\":\"https:\/\/schema.org\",\"@graph\":[{\"@type\":\"WebPage\",\"@id\":\"https:\/\/cast-in.pt\/sistema-de-tirantes\/\",\"url\":\"https:\/\/cast-in.pt\/sistema-de-tirantes\/\",\"name\":\"Sistema de tirantes - Cast-in Portugal\",\"isPartOf\":{\"@id\":\"https:\/\/cast-in.pt\/#website\"},\"datePublished\":\"2017-09-11T17:03:05+00:00\",\"dateModified\":\"2022-07-06T10:40:25+00:00\",\"description\":\"Variado leque de suportes e sistemas de fixa\u00e7\u00e3o para as ind\u00fastrias da constru\u00e7\u00e3o civil, da pr\u00e9-fabrica\u00e7\u00e3o, fachada e metalomec\u00e2nica. Representantes Halfen\",\"breadcrumb\":{\"@id\":\"https:\/\/cast-in.pt\/sistema-de-tirantes\/#breadcrumb\"},\"inLanguage\":\"en-GB\",\"potentialAction\":[{\"@type\":\"ReadAction\",\"target\":[\"https:\/\/cast-in.pt\/sistema-de-tirantes\/\"]}]},{\"@type\":\"BreadcrumbList\",\"@id\":\"https:\/\/cast-in.pt\/sistema-de-tirantes\/#breadcrumb\",\"itemListElement\":[{\"@type\":\"ListItem\",\"position\":1,\"name\":\"In\u00edcio\",\"item\":\"https:\/\/cast-in.pt\/\"},{\"@type\":\"ListItem\",\"position\":2,\"name\":\"Sistema de tirantes\"}]},{\"@type\":\"WebSite\",\"@id\":\"https:\/\/cast-in.pt\/#website\",\"url\":\"https:\/\/cast-in.pt\/\",\"name\":\"Cast-in Portugal\",\"description\":\"A CAST-IN PORTUGAL fornece produtos para a ind\u00fastria da constru\u00e7\u00e3o civil, da pr\u00e9-fabrica\u00e7\u00e3o, fachada e metalomec\u00e2nica. Distribuidor exclusivo HALFEN.\",\"potentialAction\":[{\"@type\":\"SearchAction\",\"target\":{\"@type\":\"EntryPoint\",\"urlTemplate\":\"https:\/\/cast-in.pt\/?s={search_term_string}\"},\"query-input\":\"required name=search_term_string\"}],\"inLanguage\":\"en-GB\"}]}<\/script>\r\n<!-- \/ Yoast SEO plugin. -->","yoast_head_json":{"title":"Sistema de tirantes - Cast-in Portugal","description":"Variado leque de suportes e sistemas de fixa\u00e7\u00e3o para as ind\u00fastrias da constru\u00e7\u00e3o civil, da pr\u00e9-fabrica\u00e7\u00e3o, fachada e metalomec\u00e2nica. Representantes Halfen","robots":{"index":"index","follow":"follow","max-snippet":"max-snippet:-1","max-image-preview":"max-image-preview:large","max-video-preview":"max-video-preview:-1"},"canonical":"https:\/\/cast-in.pt\/en\/sistema-de-tirantes\/","og_locale":"en_GB","og_type":"article","og_title":"Sistema de tirantes - Cast-in Portugal","og_description":"Variado leque de suportes e sistemas de fixa\u00e7\u00e3o para as ind\u00fastrias da constru\u00e7\u00e3o civil, da pr\u00e9-fabrica\u00e7\u00e3o, fachada e metalomec\u00e2nica. Representantes Halfen","og_url":"https:\/\/cast-in.pt\/en\/sistema-de-tirantes\/","og_site_name":"Cast-in Portugal","article_modified_time":"2022-07-06T10:40:25+00:00","twitter_card":"summary_large_image","twitter_misc":{"Estimated reading time":"6 minutes"},"schema":{"@context":"https:\/\/schema.org","@graph":[{"@type":"WebPage","@id":"https:\/\/cast-in.pt\/sistema-de-tirantes\/","url":"https:\/\/cast-in.pt\/sistema-de-tirantes\/","name":"Sistema de tirantes - Cast-in Portugal","isPartOf":{"@id":"https:\/\/cast-in.pt\/#website"},"datePublished":"2017-09-11T17:03:05+00:00","dateModified":"2022-07-06T10:40:25+00:00","description":"Variado leque de suportes e sistemas de fixa\u00e7\u00e3o para as ind\u00fastrias da constru\u00e7\u00e3o civil, da pr\u00e9-fabrica\u00e7\u00e3o, fachada e metalomec\u00e2nica. Representantes Halfen","breadcrumb":{"@id":"https:\/\/cast-in.pt\/sistema-de-tirantes\/#breadcrumb"},"inLanguage":"en-GB","potentialAction":[{"@type":"ReadAction","target":["https:\/\/cast-in.pt\/sistema-de-tirantes\/"]}]},{"@type":"BreadcrumbList","@id":"https:\/\/cast-in.pt\/sistema-de-tirantes\/#breadcrumb","itemListElement":[{"@type":"ListItem","position":1,"name":"In\u00edcio","item":"https:\/\/cast-in.pt\/"},{"@type":"ListItem","position":2,"name":"Sistema de tirantes"}]},{"@type":"WebSite","@id":"https:\/\/cast-in.pt\/#website","url":"https:\/\/cast-in.pt\/","name":"Cast-in Portugal","description":"A CAST-IN PORTUGAL fornece produtos para a ind\u00fastria da constru\u00e7\u00e3o civil, da pr\u00e9-fabrica\u00e7\u00e3o, fachada e metalomec\u00e2nica. Distribuidor exclusivo HALFEN.","potentialAction":[{"@type":"SearchAction","target":{"@type":"EntryPoint","urlTemplate":"https:\/\/cast-in.pt\/?s={search_term_string}"},"query-input":"required name=search_term_string"}],"inLanguage":"en-GB"}]}},"_links":{"self":[{"href":"https:\/\/cast-in.pt\/en\/wp-json\/wp\/v2\/pages\/1255"}],"collection":[{"href":"https:\/\/cast-in.pt\/en\/wp-json\/wp\/v2\/pages"}],"about":[{"href":"https:\/\/cast-in.pt\/en\/wp-json\/wp\/v2\/types\/page"}],"author":[{"embeddable":true,"href":"https:\/\/cast-in.pt\/en\/wp-json\/wp\/v2\/users\/14"}],"replies":[{"embeddable":true,"href":"https:\/\/cast-in.pt\/en\/wp-json\/wp\/v2\/comments?post=1255"}],"version-history":[{"count":21,"href":"https:\/\/cast-in.pt\/en\/wp-json\/wp\/v2\/pages\/1255\/revisions"}],"predecessor-version":[{"id":3269,"href":"https:\/\/cast-in.pt\/en\/wp-json\/wp\/v2\/pages\/1255\/revisions\/3269"}],"wp:attachment":[{"href":"https:\/\/cast-in.pt\/en\/wp-json\/wp\/v2\/media?parent=1255"}],"curies":[{"name":"wp","href":"https:\/\/api.w.org\/{rel}","templated":true}]}}