{"id":2679,"date":"2018-01-15T15:58:46","date_gmt":"2018-01-15T15:58:46","guid":{"rendered":"http:\/\/cast-in.pt\/?page_id=2679"},"modified":"2018-01-15T15:58:46","modified_gmt":"2018-01-15T15:58:46","slug":"news","status":"publish","type":"page","link":"https:\/\/cast-in.pt\/en\/news\/","title":{"rendered":"News"},"content":{"rendered":"<p><div class=\"fusion-fullwidth fullwidth-box fusion-builder-row-1 fusion-flex-container nonhundred-percent-fullwidth non-hundred-percent-height-scrolling\" style=\"background-color: rgba(255,255,255,0);background-position: center bottom;background-repeat: no-repeat;border-width: 0px 0px 0px 0px;border-color:#ffffff;border-style:solid;\" ><div class=\"fusion-builder-row fusion-row fusion-flex-align-items-stretch\" style=\"max-width:calc( 1100px + 0px );margin-left: calc(-0px \/ 2 );margin-right: calc(-0px \/ 2 );\"><div class=\"fusion-layout-column fusion_builder_column fusion-builder-column-0 fusion_builder_column_1_1 1_1 fusion-flex-column\"><div class=\"fusion-column-wrapper fusion-flex-justify-content-center fusion-content-layout-column\" style=\"background-position:left top;background-repeat:no-repeat;-webkit-background-size:cover;-moz-background-size:cover;-o-background-size:cover;background-size:cover;padding: 0px 0px 0px 0px;\"><div style=\"text-align:center;\"><style>.fusion-body .fusion-button.button-1{border-radius:4px 4px 4px 4px;}<\/style><a class=\"fusion-button button-flat button-xlarge button-default button-1 fusion-button-default-span fusion-button-default-type\" target=\"_self\" href=\"https:\/\/cast-in.pt\/en\/website\/newsletter\/\"><span class=\"fusion-button-text\">Subscribe to our newsletter!<\/span><\/a><\/div><\/div><style type=\"text\/css\">.fusion-body .fusion-builder-column-0{width:100% !important;margin-top : 0px;margin-bottom : 20px;}.fusion-builder-column-0 > .fusion-column-wrapper {padding-top : 0px !important;padding-right : 0px !important;margin-right : 0px;padding-bottom : 0px !important;padding-left : 0px !important;margin-left : 0px;}@media only screen and (max-width:1024px) {.fusion-body .fusion-builder-column-0{width:100% !important;}.fusion-builder-column-0 > .fusion-column-wrapper {margin-right : 0px;margin-left : 0px;}}@media only screen and (max-width:640px) {.fusion-body .fusion-builder-column-0{width:100% !important;}.fusion-builder-column-0 > .fusion-column-wrapper {margin-right : 0px;margin-left : 0px;}}<\/style><\/div><\/div><style type=\"text\/css\">.fusion-body .fusion-flex-container.fusion-builder-row-1{ padding-top : 60px;margin-top : 0px;padding-right : 0px;padding-bottom : 20px;margin-bottom : 2%;padding-left : 0px;}<\/style><\/div><div class=\"fusion-fullwidth fullwidth-box fusion-builder-row-2 fusion-flex-container hundred-percent-fullwidth non-hundred-percent-height-scrolling\" style=\"background-color: rgba(255,255,255,0);background-position: left top;background-repeat: no-repeat;border-width: 0px 0px 0px 0px;border-color:#eae9e9;border-style:solid;\" ><div class=\"fusion-builder-row fusion-row fusion-flex-align-items-flex-start\" style=\"width:calc( 100% + 0px ) !important;max-width:calc( 100% + 0px ) !important;margin-left: calc(-0px \/ 2 );margin-right: calc(-0px \/ 2 );\"><div class=\"fusion-layout-column fusion_builder_column fusion-builder-column-1 fusion_builder_column_1_1 1_1 fusion-flex-column\"><div class=\"fusion-column-wrapper fusion-flex-justify-content-flex-start fusion-content-layout-column\" style=\"background-position:left top;background-repeat:no-repeat;-webkit-background-size:cover;-moz-background-size:cover;-o-background-size:cover;background-size:cover;padding: 0px 15% 0px 15%;\"><div class=\"fusion-blog-shortcode fusion-blog-shortcode-1 fusion-blog-archive fusion-blog-layout-grid-wrapper fusion-blog-pagination\"><style type=\"text\/css\">.fusion-blog-shortcode-1 .fusion-blog-layout-grid .fusion-post-grid{padding:20px;}.fusion-blog-shortcode-1 .fusion-posts-container{margin-left: -20px !important; margin-right:-20px !important;}<\/style><div class=\"fusion-posts-container fusion-posts-container-pagination fusion-no-meta-info fusion-blog-rollover fusion-blog-layout-grid fusion-blog-layout-grid-3 isotope\" data-pages=\"1\" data-grid-col-space=\"40\" style=\"margin: -20px -20px 0;min-height:500px;\"><article id=\"blog-1-post-1455\" class=\"fusion-post-grid post-1455 post type-post status-publish format-standard has-post-thumbnail hentry category-sem-categoria\">\n<div class=\"fusion-post-wrapper\" style=\"background-color:rgba(255,255,255,0);border:1px solid #ebeaea;border-bottom-width:3px;\">\n\n\t\t\t<div class=\"fusion-flexslider flexslider fusion-flexslider-loading fusion-post-slideshow\" style=\"border-color:#ebeaea;\">\n\t\t<ul class=\"slides\">\n\t\t\t\n\t\t\t\t\t\t\t\t\t\t\t\t\t\t<li><div  class=\"fusion-image-wrapper\" aria-haspopup=\"true\">\n\t\t\t\t<img width=\"450\" height=\"350\" src=\"https:\/\/cast-in.pt\/wp-content\/uploads\/2017\/09\/aplauso-cast-in.png\" class=\"attachment-full size-full wp-post-image\" alt=\"\" decoding=\"async\" loading=\"lazy\" srcset=\"https:\/\/cast-in.pt\/wp-content\/uploads\/2017\/09\/aplauso-cast-in-200x156.png 200w, https:\/\/cast-in.pt\/wp-content\/uploads\/2017\/09\/aplauso-cast-in-400x311.png 400w, https:\/\/cast-in.pt\/wp-content\/uploads\/2017\/09\/aplauso-cast-in.png 450w\" sizes=\"(min-width: 2200px) 100vw, (min-width: 784px) 340px, (min-width: 712px) 510px, (min-width: 640px) 712px, \" \/><div class=\"fusion-rollover\">\n\t<div class=\"fusion-rollover-content\">\n\n\t\t\t\t\t\t\t\t\t\t\t\t\t\t<a class=\"fusion-rollover-link\" href=\"https:\/\/cast-in.pt\/en\/premio-bcp\/\">Cast-in distinguished company Applause 2015 by Milennium BCP<\/a>\n\t\t\t\n\t\t\t\t\t\t\t\t\t\t\t\t\t\t\n\t\t\t\t\t\t\t\t\n\t\t\t\t\t\t\t\t\t\t\t\t\t<div class=\"fusion-rollover-sep\"><\/div>\n\t\t\t\t\n\t\t\t\t\t\t\t\t\t\t\t\t\t\t\t\t\t\t<a class=\"fusion-rollover-gallery\" href=\"https:\/\/cast-in.pt\/wp-content\/uploads\/2017\/09\/aplauso-cast-in.png\" data-id=\"1455\" data-rel=\"iLightbox[gallery1455]\" data-title=\"aplauso-cast-in\" data-caption=\"\">\n\t\t\t\t\t\tGallery\t\t\t\t\t<\/a>\n\t\t\t\t\t<div class=\"fusion-portfolio-gallery-hidden\"><\/div>\t\t\t\t\t\t\t\t\t\n\t\t\n\t\t\t\t\t\t\t\t\t\t\t\t<h4 class=\"fusion-rollover-title\">\n\t\t\t\t\t<a class=\"fusion-rollover-title-link\" href=\"https:\/\/cast-in.pt\/en\/premio-bcp\/\">\n\t\t\t\t\t\tCast-in distinguished company Applause 2015 by Milennium BCP\t\t\t\t\t<\/a>\n\t\t\t\t<\/h4>\n\t\t\t\n\t\t\t\t\t\t\t\t\t\t<div class=\"fusion-rollover-categories\"><a href=\"https:\/\/cast-in.pt\/en\/category\/sem-categoria\/\" rel=\"tag\">General<\/a><\/div>\t\t\t\t\t\n\t\t\n\t\t\t\t\t\t<a class=\"fusion-link-wrapper\" href=\"https:\/\/cast-in.pt\/en\/premio-bcp\/\" aria-label=\"Cast-in distinguished company Applause 2015 by Milennium BCP\"><\/a>\n\t<\/div>\n<\/div>\n<\/div>\n<\/li>\n\t\t\t\n\t\t\t\n\t\t\t\t\t\t\t\t\t\t\t\t\t\t\t\t\t\t\t\t\t\t\t\t\t\t\t\t\t\t\t\t\t\t\t\t\t\t\t\t\t\t\t\t\t\t\t\t\t\t\t\t\t\t\t\t\t\t\t\t\t\t\t\t\t\t\t\t<\/ul>\n\t<\/div>\n\t<div class=\"fusion-post-content-wrapper\" style=\"padding:30px 25px 20px 25px;\"><div class=\"fusion-post-content post-content\"><h2 class=\"blog-shortcode-post-title entry-title\">Cast-in distinguished company Applause 2015 by Milennium BCP<\/h2><\/div><\/div><div class=\"fusion-clearfix\"><\/div><\/div>\n<\/article>\n<article id=\"blog-1-post-1452\" class=\"fusion-post-grid post-1452 post type-post status-publish format-standard has-post-thumbnail hentry category-sem-categoria\">\n<div class=\"fusion-post-wrapper\" style=\"background-color:rgba(255,255,255,0);border:1px solid #ebeaea;border-bottom-width:3px;\">\n\n\t\t\t<div class=\"fusion-flexslider flexslider fusion-flexslider-loading fusion-post-slideshow\" style=\"border-color:#ebeaea;\">\n\t\t<ul class=\"slides\">\n\t\t\t\n\t\t\t\t\t\t\t\t\t\t\t\t\t\t<li><div  class=\"fusion-image-wrapper\" aria-haspopup=\"true\">\n\t\t\t\t<img width=\"450\" height=\"350\" src=\"https:\/\/cast-in.pt\/wp-content\/uploads\/2017\/09\/novo-suporte-k4-e1511276150646.png\" class=\"attachment-full size-full wp-post-image\" alt=\"\" decoding=\"async\" loading=\"lazy\" \/><div class=\"fusion-rollover\">\n\t<div class=\"fusion-rollover-content\">\n\n\t\t\t\t\t\t\t\t\t\t\t\t\t\t<a class=\"fusion-rollover-link\" href=\"https:\/\/cast-in.pt\/en\/novo-suporte-hk4-termico-e-suporte-de-elementos-pre-fabricados-hta-es\/\">New: HK4 Thermal Support and HTA-ES precast element support<\/a>\n\t\t\t\n\t\t\t\t\t\t\t\t\t\t\t\t\t\t\n\t\t\t\t\t\t\t\t\n\t\t\t\t\t\t\t\t\t\t\t\t\t<div class=\"fusion-rollover-sep\"><\/div>\n\t\t\t\t\n\t\t\t\t\t\t\t\t\t\t\t\t\t\t\t\t\t\t<a class=\"fusion-rollover-gallery\" href=\"https:\/\/cast-in.pt\/wp-content\/uploads\/2017\/09\/novo-suporte-k4-e1511276150646.png\" data-id=\"1452\" data-rel=\"iLightbox[gallery1452]\" data-title=\"novo-suporte-k4\" data-caption=\"\">\n\t\t\t\t\t\tGallery\t\t\t\t\t<\/a>\n\t\t\t\t\t<div class=\"fusion-portfolio-gallery-hidden\"><\/div>\t\t\t\t\t\t\t\t\t\n\t\t\n\t\t\t\t\t\t\t\t\t\t\t\t<h4 class=\"fusion-rollover-title\">\n\t\t\t\t\t<a class=\"fusion-rollover-title-link\" href=\"https:\/\/cast-in.pt\/en\/novo-suporte-hk4-termico-e-suporte-de-elementos-pre-fabricados-hta-es\/\">\n\t\t\t\t\t\tNew: HK4 Thermal Support and HTA-ES precast element support\t\t\t\t\t<\/a>\n\t\t\t\t<\/h4>\n\t\t\t\n\t\t\t\t\t\t\t\t\t\t<div class=\"fusion-rollover-categories\"><a href=\"https:\/\/cast-in.pt\/en\/category\/sem-categoria\/\" rel=\"tag\">General<\/a><\/div>\t\t\t\t\t\n\t\t\n\t\t\t\t\t\t<a class=\"fusion-link-wrapper\" href=\"https:\/\/cast-in.pt\/en\/novo-suporte-hk4-termico-e-suporte-de-elementos-pre-fabricados-hta-es\/\" aria-label=\"New: HK4 Thermal Support and HTA-ES precast element support\"><\/a>\n\t<\/div>\n<\/div>\n<\/div>\n<\/li>\n\t\t\t\n\t\t\t\n\t\t\t\t\t\t\t\t\t\t\t\t\t\t\t\t\t\t\t\t\t\t\t\t\t\t\t\t\t\t\t\t\t\t\t\t\t\t\t\t\t\t\t\t\t\t\t\t\t\t\t\t\t\t\t\t\t\t\t\t\t\t\t\t\t\t\t\t<\/ul>\n\t<\/div>\n\t<div class=\"fusion-post-content-wrapper\" style=\"padding:30px 25px 20px 25px;\"><div class=\"fusion-post-content post-content\"><h2 class=\"blog-shortcode-post-title entry-title\">New: HK4 Thermal Support and HTA-ES precast element support<\/h2><\/div><\/div><div class=\"fusion-clearfix\"><\/div><\/div>\n<\/article>\n<article id=\"blog-1-post-1448\" class=\"fusion-post-grid post-1448 post type-post status-publish format-standard has-post-thumbnail hentry category-sem-categoria\">\n<div class=\"fusion-post-wrapper\" style=\"background-color:rgba(255,255,255,0);border:1px solid #ebeaea;border-bottom-width:3px;\">\n\n\t\t\t<div class=\"fusion-flexslider flexslider fusion-flexslider-loading fusion-post-slideshow\" style=\"border-color:#ebeaea;\">\n\t\t<ul class=\"slides\">\n\t\t\t\n\t\t\t\t\t\t\t\t\t\t\t\t\t\t<li><div  class=\"fusion-image-wrapper\" aria-haspopup=\"true\">\n\t\t\t\t<img width=\"450\" height=\"350\" src=\"https:\/\/cast-in.pt\/wp-content\/uploads\/2017\/09\/HD-sistema-de-casquilho.png\" class=\"attachment-full size-full wp-post-image\" alt=\"\" decoding=\"async\" loading=\"lazy\" srcset=\"https:\/\/cast-in.pt\/wp-content\/uploads\/2017\/09\/HD-sistema-de-casquilho-200x156.png 200w, https:\/\/cast-in.pt\/wp-content\/uploads\/2017\/09\/HD-sistema-de-casquilho-400x311.png 400w, https:\/\/cast-in.pt\/wp-content\/uploads\/2017\/09\/HD-sistema-de-casquilho.png 450w\" sizes=\"(min-width: 2200px) 100vw, (min-width: 784px) 340px, (min-width: 712px) 510px, (min-width: 640px) 712px, \" \/><div class=\"fusion-rollover\">\n\t<div class=\"fusion-rollover-content\">\n\n\t\t\t\t\t\t\t\t\t\t\t\t\t\t<a class=\"fusion-rollover-link\" href=\"https:\/\/cast-in.pt\/en\/hd-sistema-de-casquilho-de-elevacao-ja-esta-disponivel-para-a-classe-de-carga-250t\/\">HD - Lifting bush system now available for load class 25.0T<\/a>\n\t\t\t\n\t\t\t\t\t\t\t\t\t\t\t\t\t\t\n\t\t\t\t\t\t\t\t\n\t\t\t\t\t\t\t\t\t\t\t\t\t<div class=\"fusion-rollover-sep\"><\/div>\n\t\t\t\t\n\t\t\t\t\t\t\t\t\t\t\t\t\t\t\t\t\t\t<a class=\"fusion-rollover-gallery\" href=\"https:\/\/cast-in.pt\/wp-content\/uploads\/2017\/09\/HD-sistema-de-casquilho.png\" data-id=\"1448\" data-rel=\"iLightbox[gallery1448]\" data-title=\"HD-sistema-de-casquilho\" data-caption=\"\">\n\t\t\t\t\t\tGallery\t\t\t\t\t<\/a>\n\t\t\t\t\t<div class=\"fusion-portfolio-gallery-hidden\"><\/div>\t\t\t\t\t\t\t\t\t\n\t\t\n\t\t\t\t\t\t\t\t\t\t\t\t<h4 class=\"fusion-rollover-title\">\n\t\t\t\t\t<a class=\"fusion-rollover-title-link\" href=\"https:\/\/cast-in.pt\/en\/hd-sistema-de-casquilho-de-elevacao-ja-esta-disponivel-para-a-classe-de-carga-250t\/\">\n\t\t\t\t\t\tHD - Lifting bush system now available for load class 25.0T\t\t\t\t\t<\/a>\n\t\t\t\t<\/h4>\n\t\t\t\n\t\t\t\t\t\t\t\t\t\t<div class=\"fusion-rollover-categories\"><a href=\"https:\/\/cast-in.pt\/en\/category\/sem-categoria\/\" rel=\"tag\">General<\/a><\/div>\t\t\t\t\t\n\t\t\n\t\t\t\t\t\t<a class=\"fusion-link-wrapper\" href=\"https:\/\/cast-in.pt\/en\/hd-sistema-de-casquilho-de-elevacao-ja-esta-disponivel-para-a-classe-de-carga-250t\/\" aria-label=\"HD &#8211; Sistema de casquilho de eleva\u00e7\u00e3o j\u00e1 est\u00e1 dispon\u00edvel para a classe de carga 25,0T\"><\/a>\n\t<\/div>\n<\/div>\n<\/div>\n<\/li>\n\t\t\t\n\t\t\t\n\t\t\t\t\t\t\t\t\t\t\t\t\t\t\t\t\t\t\t\t\t\t\t\t\t\t\t\t\t\t\t\t\t\t\t\t\t\t\t\t\t\t\t\t\t\t\t\t\t\t\t\t\t\t\t\t\t\t\t\t\t\t\t\t\t\t\t\t<\/ul>\n\t<\/div>\n\t<div class=\"fusion-post-content-wrapper\" style=\"padding:30px 25px 20px 25px;\"><div class=\"fusion-post-content post-content\"><h2 class=\"blog-shortcode-post-title entry-title\">HD - Lifting bush system now available for load class 25.0T<\/h2><\/div><\/div><div class=\"fusion-clearfix\"><\/div><\/div>\n<\/article>\n<div class=\"fusion-clearfix\"><\/div><\/div><\/div><\/div><style type=\"text\/css\">.fusion-body .fusion-builder-column-1{width:100% !important;margin-top : 20px;margin-bottom : 25px;}.fusion-builder-column-1 > .fusion-column-wrapper {padding-top : 0px !important;padding-right : 15% !important;margin-right : 0px;padding-bottom : 0px !important;padding-left : 15% !important;margin-left : 0px;}@media only screen and (max-width:1024px) {.fusion-body .fusion-builder-column-1{width:100% !important;}.fusion-builder-column-1 > .fusion-column-wrapper {margin-right : 0px;margin-left : 0px;}}@media only screen and (max-width:640px) {.fusion-body .fusion-builder-column-1{width:100% !important;}.fusion-builder-column-1 > .fusion-column-wrapper {margin-right : 0px;margin-left : 0px;}}<\/style><\/div><\/div><style type=\"text\/css\">.fusion-body .fusion-flex-container.fusion-builder-row-2{ padding-top : 2%;margin-top : 0px;padding-right : 0px;padding-bottom : 2%;margin-bottom : 0px;padding-left : 0px;}<\/style><\/div><\/p>","protected":false},"excerpt":{"rendered":"","protected":false},"author":14,"featured_media":0,"parent":0,"menu_order":0,"comment_status":"closed","ping_status":"closed","template":"100-width.php","meta":[],"yoast_head":"<!-- This site is optimized with the Yoast SEO plugin v19.5.1 - https:\/\/yoast.com\/wordpress\/plugins\/seo\/ -->\r\n<title>News - Cast-in Portugal<\/title>\r\n<meta name=\"description\" content=\"Variado leque de suportes e sistemas de fixa\u00e7\u00e3o para as ind\u00fastrias da constru\u00e7\u00e3o civil, da pr\u00e9-fabrica\u00e7\u00e3o, fachada e metalomec\u00e2nica. Representantes Halfen\" \/>\r\n<meta name=\"robots\" content=\"index, follow, max-snippet:-1, max-image-preview:large, max-video-preview:-1\" \/>\r\n<link rel=\"canonical\" href=\"https:\/\/cast-in.pt\/en\/news\/\" \/>\r\n<meta property=\"og:locale\" content=\"en_GB\" \/>\r\n<meta property=\"og:type\" content=\"article\" \/>\r\n<meta property=\"og:title\" content=\"News - Cast-in Portugal\" \/>\r\n<meta property=\"og:description\" content=\"Variado leque de suportes e sistemas de fixa\u00e7\u00e3o para as ind\u00fastrias da constru\u00e7\u00e3o civil, da pr\u00e9-fabrica\u00e7\u00e3o, fachada e metalomec\u00e2nica. Representantes Halfen\" \/>\r\n<meta property=\"og:url\" content=\"https:\/\/cast-in.pt\/en\/news\/\" \/>\r\n<meta property=\"og:site_name\" content=\"Cast-in Portugal\" \/>\r\n<meta name=\"twitter:card\" content=\"summary_large_image\" \/>\r\n<meta name=\"twitter:label1\" content=\"Estimated reading time\" \/>\n\t<meta name=\"twitter:data1\" content=\"3 minutes\" \/>\r\n<script type=\"application\/ld+json\" class=\"yoast-schema-graph\">{\"@context\":\"https:\/\/schema.org\",\"@graph\":[{\"@type\":\"WebPage\",\"@id\":\"https:\/\/cast-in.pt\/en\/news\/\",\"url\":\"https:\/\/cast-in.pt\/en\/news\/\",\"name\":\"News - Cast-in Portugal\",\"isPartOf\":{\"@id\":\"https:\/\/cast-in.pt\/#website\"},\"datePublished\":\"2018-01-15T15:58:46+00:00\",\"dateModified\":\"2018-01-15T15:58:46+00:00\",\"description\":\"Variado leque de suportes e sistemas de fixa\u00e7\u00e3o para as ind\u00fastrias da constru\u00e7\u00e3o civil, da pr\u00e9-fabrica\u00e7\u00e3o, fachada e metalomec\u00e2nica. Representantes Halfen\",\"breadcrumb\":{\"@id\":\"https:\/\/cast-in.pt\/en\/news\/#breadcrumb\"},\"inLanguage\":\"en-GB\",\"potentialAction\":[{\"@type\":\"ReadAction\",\"target\":[\"https:\/\/cast-in.pt\/en\/news\/\"]}]},{\"@type\":\"BreadcrumbList\",\"@id\":\"https:\/\/cast-in.pt\/en\/news\/#breadcrumb\",\"itemListElement\":[{\"@type\":\"ListItem\",\"position\":1,\"name\":\"In\u00edcio\",\"item\":\"https:\/\/cast-in.pt\/\"},{\"@type\":\"ListItem\",\"position\":2,\"name\":\"News\"}]},{\"@type\":\"WebSite\",\"@id\":\"https:\/\/cast-in.pt\/#website\",\"url\":\"https:\/\/cast-in.pt\/\",\"name\":\"Cast-in Portugal\",\"description\":\"A CAST-IN PORTUGAL fornece produtos para a ind\u00fastria da constru\u00e7\u00e3o civil, da pr\u00e9-fabrica\u00e7\u00e3o, fachada e metalomec\u00e2nica. Distribuidor exclusivo HALFEN.\",\"potentialAction\":[{\"@type\":\"SearchAction\",\"target\":{\"@type\":\"EntryPoint\",\"urlTemplate\":\"https:\/\/cast-in.pt\/?s={search_term_string}\"},\"query-input\":\"required name=search_term_string\"}],\"inLanguage\":\"en-GB\"}]}<\/script>\r\n<!-- \/ Yoast SEO plugin. -->","yoast_head_json":{"title":"News - Cast-in Portugal","description":"Variado leque de suportes e sistemas de fixa\u00e7\u00e3o para as ind\u00fastrias da constru\u00e7\u00e3o civil, da pr\u00e9-fabrica\u00e7\u00e3o, fachada e metalomec\u00e2nica. Representantes Halfen","robots":{"index":"index","follow":"follow","max-snippet":"max-snippet:-1","max-image-preview":"max-image-preview:large","max-video-preview":"max-video-preview:-1"},"canonical":"https:\/\/cast-in.pt\/en\/news\/","og_locale":"en_GB","og_type":"article","og_title":"News - Cast-in Portugal","og_description":"Variado leque de suportes e sistemas de fixa\u00e7\u00e3o para as ind\u00fastrias da constru\u00e7\u00e3o civil, da pr\u00e9-fabrica\u00e7\u00e3o, fachada e metalomec\u00e2nica. Representantes Halfen","og_url":"https:\/\/cast-in.pt\/en\/news\/","og_site_name":"Cast-in Portugal","twitter_card":"summary_large_image","twitter_misc":{"Estimated reading time":"3 minutes"},"schema":{"@context":"https:\/\/schema.org","@graph":[{"@type":"WebPage","@id":"https:\/\/cast-in.pt\/en\/news\/","url":"https:\/\/cast-in.pt\/en\/news\/","name":"News - Cast-in Portugal","isPartOf":{"@id":"https:\/\/cast-in.pt\/#website"},"datePublished":"2018-01-15T15:58:46+00:00","dateModified":"2018-01-15T15:58:46+00:00","description":"Variado leque de suportes e sistemas de fixa\u00e7\u00e3o para as ind\u00fastrias da constru\u00e7\u00e3o civil, da pr\u00e9-fabrica\u00e7\u00e3o, fachada e metalomec\u00e2nica. Representantes Halfen","breadcrumb":{"@id":"https:\/\/cast-in.pt\/en\/news\/#breadcrumb"},"inLanguage":"en-GB","potentialAction":[{"@type":"ReadAction","target":["https:\/\/cast-in.pt\/en\/news\/"]}]},{"@type":"BreadcrumbList","@id":"https:\/\/cast-in.pt\/en\/news\/#breadcrumb","itemListElement":[{"@type":"ListItem","position":1,"name":"In\u00edcio","item":"https:\/\/cast-in.pt\/"},{"@type":"ListItem","position":2,"name":"News"}]},{"@type":"WebSite","@id":"https:\/\/cast-in.pt\/#website","url":"https:\/\/cast-in.pt\/","name":"Cast-in Portugal","description":"A CAST-IN PORTUGAL fornece produtos para a ind\u00fastria da constru\u00e7\u00e3o civil, da pr\u00e9-fabrica\u00e7\u00e3o, fachada e metalomec\u00e2nica. Distribuidor exclusivo HALFEN.","potentialAction":[{"@type":"SearchAction","target":{"@type":"EntryPoint","urlTemplate":"https:\/\/cast-in.pt\/?s={search_term_string}"},"query-input":"required name=search_term_string"}],"inLanguage":"en-GB"}]}},"_links":{"self":[{"href":"https:\/\/cast-in.pt\/en\/wp-json\/wp\/v2\/pages\/2679"}],"collection":[{"href":"https:\/\/cast-in.pt\/en\/wp-json\/wp\/v2\/pages"}],"about":[{"href":"https:\/\/cast-in.pt\/en\/wp-json\/wp\/v2\/types\/page"}],"author":[{"embeddable":true,"href":"https:\/\/cast-in.pt\/en\/wp-json\/wp\/v2\/users\/14"}],"replies":[{"embeddable":true,"href":"https:\/\/cast-in.pt\/en\/wp-json\/wp\/v2\/comments?post=2679"}],"version-history":[{"count":1,"href":"https:\/\/cast-in.pt\/en\/wp-json\/wp\/v2\/pages\/2679\/revisions"}],"predecessor-version":[{"id":2681,"href":"https:\/\/cast-in.pt\/en\/wp-json\/wp\/v2\/pages\/2679\/revisions\/2681"}],"wp:attachment":[{"href":"https:\/\/cast-in.pt\/en\/wp-json\/wp\/v2\/media?parent=2679"}],"curies":[{"name":"wp","href":"https:\/\/api.w.org\/{rel}","templated":true}]}}