{"id":2704,"date":"2018-01-15T16:11:55","date_gmt":"2018-01-15T16:11:55","guid":{"rendered":"http:\/\/cast-in.pt\/?page_id=2704"},"modified":"2018-01-15T16:11:55","modified_gmt":"2018-01-15T16:11:55","slug":"services-2","status":"publish","type":"page","link":"https:\/\/cast-in.pt\/fr\/services-2\/","title":{"rendered":"Services"},"content":{"rendered":"<div class=\"fusion-fullwidth fullwidth-box fusion-builder-row-1 fusion-flex-container nonhundred-percent-fullwidth non-hundred-percent-height-scrolling\" style=\"background-color: #ffffff;background-position: left top;background-repeat: no-repeat;border-width: 0px 0px 0px 0px;border-color:#eae9e9;border-style:solid;\" ><div class=\"fusion-builder-row fusion-row fusion-flex-align-items-flex-start\" style=\"max-width:calc( 1100px + 0px );margin-left: calc(-0px \/ 2 );margin-right: calc(-0px \/ 2 );\"><div class=\"fusion-layout-column fusion_builder_column fusion-builder-column-0 fusion_builder_column_1_1 1_1 fusion-flex-column\"><div class=\"fusion-column-wrapper fusion-flex-justify-content-flex-start fusion-content-layout-column\" style=\"background-position:left top;background-repeat:no-repeat;-webkit-background-size:cover;-moz-background-size:cover;-o-background-size:cover;background-size:cover;padding: 0px 0px 0px 0px;\"><div class=\"fusion-text fusion-text-1\"><h2><strong>Travaux et installation<\/strong><\/h2>\n<p>Nous pr\u00eatons nos services aupr\u00e8s de nos clients aussi bien en phase projet qu\u00b4ex\u00e9cution.<\/p>\n<h2><strong>Collaboration<\/strong><\/h2>\n<p>Nous pouvons aussi\u00a0 vous supporter sur vos unit\u00e9s de production afin d&#8217; optimiser l\u00b4usage de nos produits.<\/p>\n<h2><strong>Formation<\/strong><\/h2>\n<p>Nos employ\u00e9s participent \u00e0 des s\u00e9minaires de formation continue afin de r\u00e9pondre aux demandes croissantes du march\u00e9.<\/p>\n<h2>Marketing<\/h2>\n<p>Nos mat\u00e9riaux sont utilis\u00e9s quotidiennement dans des projets ou sur des chantiers.<\/p>\n<\/div><\/div><style type=\"text\/css\">.fusion-body .fusion-builder-column-0{width:100% !important;margin-top : 50px;margin-bottom : 0px;}.fusion-builder-column-0 > .fusion-column-wrapper {padding-top : 0px !important;padding-right : 0px !important;margin-right : 0px;padding-bottom : 0px !important;padding-left : 0px !important;margin-left : 0px;}@media only screen and (max-width:1024px) {.fusion-body .fusion-builder-column-0{width:100% !important;}.fusion-builder-column-0 > .fusion-column-wrapper {margin-right : 0px;margin-left : 0px;}}@media only screen and (max-width:640px) {.fusion-body .fusion-builder-column-0{width:100% !important;}.fusion-builder-column-0 > .fusion-column-wrapper {margin-right : 0px;margin-left : 0px;}}<\/style><\/div><\/div><style type=\"text\/css\">.fusion-body .fusion-flex-container.fusion-builder-row-1{ padding-top : 3%;margin-top : 0px;padding-right : 0px;padding-bottom : 3%;margin-bottom : 0px;padding-left : 0px;}<\/style><\/div>","protected":false},"excerpt":{"rendered":"","protected":false},"author":14,"featured_media":0,"parent":0,"menu_order":0,"comment_status":"closed","ping_status":"closed","template":"100-width.php","meta":[],"yoast_head":"<!-- This site is optimized with the Yoast SEO plugin v19.5.1 - https:\/\/yoast.com\/wordpress\/plugins\/seo\/ -->\r\n<title>Services - Cast-in Portugal<\/title>\r\n<meta name=\"description\" content=\"Variado leque de suportes e sistemas de fixa\u00e7\u00e3o para as ind\u00fastrias da constru\u00e7\u00e3o civil, da pr\u00e9-fabrica\u00e7\u00e3o, fachada e metalomec\u00e2nica. Representantes Halfen\" \/>\r\n<meta name=\"robots\" content=\"index, follow, max-snippet:-1, max-image-preview:large, max-video-preview:-1\" \/>\r\n<link rel=\"canonical\" href=\"https:\/\/cast-in.pt\/fr\/services-2\/\" \/>\r\n<meta property=\"og:locale\" content=\"fr_FR\" \/>\r\n<meta property=\"og:type\" content=\"article\" \/>\r\n<meta property=\"og:title\" content=\"Services - Cast-in Portugal\" \/>\r\n<meta property=\"og:description\" content=\"Variado leque de suportes e sistemas de fixa\u00e7\u00e3o para as ind\u00fastrias da constru\u00e7\u00e3o civil, da pr\u00e9-fabrica\u00e7\u00e3o, fachada e metalomec\u00e2nica. Representantes Halfen\" \/>\r\n<meta property=\"og:url\" content=\"https:\/\/cast-in.pt\/fr\/services-2\/\" \/>\r\n<meta property=\"og:site_name\" content=\"Cast-in Portugal\" \/>\r\n<meta name=\"twitter:card\" content=\"summary_large_image\" \/>\r\n<meta name=\"twitter:label1\" content=\"Dur\u00e9e de lecture estim\u00e9e\" \/>\n\t<meta name=\"twitter:data1\" content=\"1 minute\" \/>\r\n<script type=\"application\/ld+json\" class=\"yoast-schema-graph\">{\"@context\":\"https:\/\/schema.org\",\"@graph\":[{\"@type\":\"WebPage\",\"@id\":\"https:\/\/cast-in.pt\/fr\/services-2\/\",\"url\":\"https:\/\/cast-in.pt\/fr\/services-2\/\",\"name\":\"Services - Cast-in Portugal\",\"isPartOf\":{\"@id\":\"https:\/\/cast-in.pt\/#website\"},\"datePublished\":\"2018-01-15T16:11:55+00:00\",\"dateModified\":\"2018-01-15T16:11:55+00:00\",\"description\":\"Variado leque de suportes e sistemas de fixa\u00e7\u00e3o para as ind\u00fastrias da constru\u00e7\u00e3o civil, da pr\u00e9-fabrica\u00e7\u00e3o, fachada e metalomec\u00e2nica. Representantes Halfen\",\"breadcrumb\":{\"@id\":\"https:\/\/cast-in.pt\/fr\/services-2\/#breadcrumb\"},\"inLanguage\":\"fr-FR\",\"potentialAction\":[{\"@type\":\"ReadAction\",\"target\":[\"https:\/\/cast-in.pt\/fr\/services-2\/\"]}]},{\"@type\":\"BreadcrumbList\",\"@id\":\"https:\/\/cast-in.pt\/fr\/services-2\/#breadcrumb\",\"itemListElement\":[{\"@type\":\"ListItem\",\"position\":1,\"name\":\"In\u00edcio\",\"item\":\"https:\/\/cast-in.pt\/\"},{\"@type\":\"ListItem\",\"position\":2,\"name\":\"Services\"}]},{\"@type\":\"WebSite\",\"@id\":\"https:\/\/cast-in.pt\/#website\",\"url\":\"https:\/\/cast-in.pt\/\",\"name\":\"Cast-in Portugal\",\"description\":\"A CAST-IN PORTUGAL fornece produtos para a ind\u00fastria da constru\u00e7\u00e3o civil, da pr\u00e9-fabrica\u00e7\u00e3o, fachada e metalomec\u00e2nica. Distribuidor exclusivo HALFEN.\",\"potentialAction\":[{\"@type\":\"SearchAction\",\"target\":{\"@type\":\"EntryPoint\",\"urlTemplate\":\"https:\/\/cast-in.pt\/?s={search_term_string}\"},\"query-input\":\"required name=search_term_string\"}],\"inLanguage\":\"fr-FR\"}]}<\/script>\r\n<!-- \/ Yoast SEO plugin. -->","yoast_head_json":{"title":"Services - Cast-in Portugal","description":"Variado leque de suportes e sistemas de fixa\u00e7\u00e3o para as ind\u00fastrias da constru\u00e7\u00e3o civil, da pr\u00e9-fabrica\u00e7\u00e3o, fachada e metalomec\u00e2nica. Representantes Halfen","robots":{"index":"index","follow":"follow","max-snippet":"max-snippet:-1","max-image-preview":"max-image-preview:large","max-video-preview":"max-video-preview:-1"},"canonical":"https:\/\/cast-in.pt\/fr\/services-2\/","og_locale":"fr_FR","og_type":"article","og_title":"Services - Cast-in Portugal","og_description":"Variado leque de suportes e sistemas de fixa\u00e7\u00e3o para as ind\u00fastrias da constru\u00e7\u00e3o civil, da pr\u00e9-fabrica\u00e7\u00e3o, fachada e metalomec\u00e2nica. Representantes Halfen","og_url":"https:\/\/cast-in.pt\/fr\/services-2\/","og_site_name":"Cast-in Portugal","twitter_card":"summary_large_image","twitter_misc":{"Dur\u00e9e de lecture estim\u00e9e":"1 minute"},"schema":{"@context":"https:\/\/schema.org","@graph":[{"@type":"WebPage","@id":"https:\/\/cast-in.pt\/fr\/services-2\/","url":"https:\/\/cast-in.pt\/fr\/services-2\/","name":"Services - Cast-in Portugal","isPartOf":{"@id":"https:\/\/cast-in.pt\/#website"},"datePublished":"2018-01-15T16:11:55+00:00","dateModified":"2018-01-15T16:11:55+00:00","description":"Variado leque de suportes e sistemas de fixa\u00e7\u00e3o para as ind\u00fastrias da constru\u00e7\u00e3o civil, da pr\u00e9-fabrica\u00e7\u00e3o, fachada e metalomec\u00e2nica. Representantes Halfen","breadcrumb":{"@id":"https:\/\/cast-in.pt\/fr\/services-2\/#breadcrumb"},"inLanguage":"fr-FR","potentialAction":[{"@type":"ReadAction","target":["https:\/\/cast-in.pt\/fr\/services-2\/"]}]},{"@type":"BreadcrumbList","@id":"https:\/\/cast-in.pt\/fr\/services-2\/#breadcrumb","itemListElement":[{"@type":"ListItem","position":1,"name":"In\u00edcio","item":"https:\/\/cast-in.pt\/"},{"@type":"ListItem","position":2,"name":"Services"}]},{"@type":"WebSite","@id":"https:\/\/cast-in.pt\/#website","url":"https:\/\/cast-in.pt\/","name":"Cast-in Portugal","description":"A CAST-IN PORTUGAL fornece produtos para a ind\u00fastria da constru\u00e7\u00e3o civil, da pr\u00e9-fabrica\u00e7\u00e3o, fachada e metalomec\u00e2nica. Distribuidor exclusivo HALFEN.","potentialAction":[{"@type":"SearchAction","target":{"@type":"EntryPoint","urlTemplate":"https:\/\/cast-in.pt\/?s={search_term_string}"},"query-input":"required name=search_term_string"}],"inLanguage":"fr-FR"}]}},"_links":{"self":[{"href":"https:\/\/cast-in.pt\/fr\/wp-json\/wp\/v2\/pages\/2704"}],"collection":[{"href":"https:\/\/cast-in.pt\/fr\/wp-json\/wp\/v2\/pages"}],"about":[{"href":"https:\/\/cast-in.pt\/fr\/wp-json\/wp\/v2\/types\/page"}],"author":[{"embeddable":true,"href":"https:\/\/cast-in.pt\/fr\/wp-json\/wp\/v2\/users\/14"}],"replies":[{"embeddable":true,"href":"https:\/\/cast-in.pt\/fr\/wp-json\/wp\/v2\/comments?post=2704"}],"version-history":[{"count":1,"href":"https:\/\/cast-in.pt\/fr\/wp-json\/wp\/v2\/pages\/2704\/revisions"}],"predecessor-version":[{"id":2705,"href":"https:\/\/cast-in.pt\/fr\/wp-json\/wp\/v2\/pages\/2704\/revisions\/2705"}],"wp:attachment":[{"href":"https:\/\/cast-in.pt\/fr\/wp-json\/wp\/v2\/media?parent=2704"}],"curies":[{"name":"wp","href":"https:\/\/api.w.org\/{rel}","templated":true}]}}